{"id":17444,"date":"2025-01-27T09:12:23","date_gmt":"2025-01-27T09:12:23","guid":{"rendered":"https:\/\/new.osmanlioud.co\/?post_type=product&#038;p=17444"},"modified":"2026-02-06T14:34:45","modified_gmt":"2026-02-06T14:34:45","slug":"divan-bakhoor-dahi","status":"publish","type":"product","link":"https:\/\/iq.osmanlioud.net\/en\/product\/divan-bakhoor-dahi\/","title":{"rendered":"D\u0130VAN BAKHOOR DAH\u0130"},"content":{"rendered":"<p>A unique blend of different aromatic oils, this product is produced with precision using the latest technologies. Its special and balanced scent is ideal for creating a pleasant atmosphere in invitations, celebrations, home and office environments.<\/p>\n<p>&nbsp;<\/p>\n<p><strong>Contents of the Box:<\/strong><\/p>\n<ul>\n<li>The box contains a crystal and 12 incense sticks.<\/li>\n<\/ul>\n<p><strong>Instructions for Use:<\/strong><\/p>\n<ol>\n<li>Burn the head of the incense stick until its four corners become embers.<\/li>\n<li>Extinguish the flame.<\/li>\n<li>Insert the stick into the base and enjoy the scent.<\/li>\n<\/ol>\n<p>&nbsp;<\/p>\n<p><strong>Features of Intelligent Frankincense:<\/strong><\/p>\n<ol>\n<li>Frankincense is used without the use of incense burners or charcoal.<\/li>\n<li>Easy to use, leaves no residue or ash.<\/li>\n<li>It is easy to carry and use.<\/li>\n<li>Safe and easy to burn.<\/li>\n<li>Lasts a long time, saves time and money.<\/li>\n<li>Comes with incense sticks and base.<\/li>\n<\/ol>\n","protected":false},"excerpt":{"rendered":"<p>A unique blend of different aromatic oils, this product is produced with precision using the latest technologies. Its special and balanced scent is ideal for creating a pleasant atmosphere in invitations, celebrations, home and office environments.<\/p>\n","protected":false},"featured_media":16231,"comment_status":"open","ping_status":"closed","template":"","meta":[],"product_brand":[],"product_cat":[1394,1414],"product_tag":[],"class_list":{"0":"post-17444","1":"product","2":"type-product","3":"status-publish","4":"has-post-thumbnail","6":"product_cat-bakhoor","7":"product_cat-dahi","9":"first","10":"instock","11":"shipping-taxable","12":"purchasable","13":"product-type-simple"},"yoast_head":"<!-- This site is optimized with the Yoast SEO plugin v26.9 - https:\/\/yoast.com\/product\/yoast-seo-wordpress\/ -->\n<title>D\u0130VAN BAKHOOR DAH\u0130 - OSMANLIOUD<\/title>\n<meta name=\"description\" content=\"Discover D\u0130VAN BAKHOOR DAH\u0130 from our Bakhoor, Dahi collection \u2014 a fragrance inspired by the splendor of Ottoman palaces with a modern touch that lingers in memory.\" \/>\n<meta name=\"robots\" content=\"index, follow, max-snippet:-1, max-image-preview:large, max-video-preview:-1\" \/>\n<link rel=\"canonical\" href=\"https:\/\/iq.osmanlioud.net\/en\/product\/divan-bakhoor-dahi\/\" \/>\n<meta property=\"og:locale\" content=\"en_US\" \/>\n<meta property=\"og:type\" content=\"article\" \/>\n<meta property=\"og:title\" content=\"D\u0130VAN BAKHOOR DAH\u0130 - OSMANLIOUD\" \/>\n<meta property=\"og:description\" content=\"Discover D\u0130VAN BAKHOOR DAH\u0130 from our Bakhoor, Dahi collection \u2014 a fragrance inspired by the splendor of Ottoman palaces with a modern touch that lingers in memory.\" \/>\n<meta property=\"og:url\" content=\"https:\/\/iq.osmanlioud.net\/en\/product\/divan-bakhoor-dahi\/\" \/>\n<meta property=\"og:site_name\" content=\"OSMANLIOUD\" \/>\n<meta property=\"article:publisher\" content=\"https:\/\/www.facebook.com\/osmanlioud.iraq\/\" \/>\n<meta property=\"article:modified_time\" content=\"2026-02-06T14:34:45+00:00\" \/>\n<meta property=\"og:image\" content=\"https:\/\/iq.osmanlioud.net\/wp-content\/uploads\/2025\/01\/DIVAN.jpg\" \/>\n\t<meta property=\"og:image:width\" content=\"600\" \/>\n\t<meta property=\"og:image:height\" content=\"800\" \/>\n\t<meta property=\"og:image:type\" content=\"image\/jpeg\" \/>\n<meta name=\"twitter:card\" content=\"summary_large_image\" \/>\n<meta name=\"twitter:label1\" content=\"Est. reading time\" \/>\n\t<meta name=\"twitter:data1\" content=\"1 minute\" \/>\n<script type=\"application\/ld+json\" class=\"yoast-schema-graph\">{\"@context\":\"https:\/\/schema.org\",\"@graph\":[{\"@type\":\"WebPage\",\"@id\":\"https:\/\/iq.osmanlioud.net\/en\/product\/divan-bakhoor-dahi\/\",\"url\":\"https:\/\/iq.osmanlioud.net\/en\/product\/divan-bakhoor-dahi\/\",\"name\":\"D\u0130VAN BAKHOOR DAH\u0130 - OSMANLIOUD\",\"isPartOf\":{\"@id\":\"https:\/\/iq.osmanlioud.net\/#website\"},\"primaryImageOfPage\":{\"@id\":\"https:\/\/iq.osmanlioud.net\/en\/product\/divan-bakhoor-dahi\/#primaryimage\"},\"image\":{\"@id\":\"https:\/\/iq.osmanlioud.net\/en\/product\/divan-bakhoor-dahi\/#primaryimage\"},\"thumbnailUrl\":\"https:\/\/iq.osmanlioud.net\/wp-content\/uploads\/2025\/01\/DIVAN.jpg\",\"datePublished\":\"2025-01-27T09:12:23+00:00\",\"dateModified\":\"2026-02-06T14:34:45+00:00\",\"description\":\"Discover D\u0130VAN BAKHOOR DAH\u0130 from our Bakhoor, Dahi collection \u2014 a fragrance inspired by the splendor of Ottoman palaces with a modern touch that lingers in memory.\",\"breadcrumb\":{\"@id\":\"https:\/\/iq.osmanlioud.net\/en\/product\/divan-bakhoor-dahi\/#breadcrumb\"},\"inLanguage\":\"en-US\",\"potentialAction\":[{\"@type\":\"ReadAction\",\"target\":[\"https:\/\/iq.osmanlioud.net\/en\/product\/divan-bakhoor-dahi\/\"]}]},{\"@type\":\"ImageObject\",\"inLanguage\":\"en-US\",\"@id\":\"https:\/\/iq.osmanlioud.net\/en\/product\/divan-bakhoor-dahi\/#primaryimage\",\"url\":\"https:\/\/iq.osmanlioud.net\/wp-content\/uploads\/2025\/01\/DIVAN.jpg\",\"contentUrl\":\"https:\/\/iq.osmanlioud.net\/wp-content\/uploads\/2025\/01\/DIVAN.jpg\",\"width\":600,\"height\":800},{\"@type\":\"BreadcrumbList\",\"@id\":\"https:\/\/iq.osmanlioud.net\/en\/product\/divan-bakhoor-dahi\/#breadcrumb\",\"itemListElement\":[{\"@type\":\"ListItem\",\"position\":1,\"name\":\"\u0627\u0644\u0631\u0626\u064a\u0633\u064a\u0629\",\"item\":\"https:\/\/iq.osmanlioud.net\/\"},{\"@type\":\"ListItem\",\"position\":2,\"name\":\"Shop\",\"item\":\"https:\/\/iq.osmanlioud.net\/en\/shop\/\"},{\"@type\":\"ListItem\",\"position\":3,\"name\":\"D\u0130VAN BAKHOOR DAH\u0130\"}]},{\"@type\":\"WebSite\",\"@id\":\"https:\/\/iq.osmanlioud.net\/#website\",\"url\":\"https:\/\/iq.osmanlioud.net\/\",\"name\":\"OSMANLIOUD\",\"description\":\"THE IMPRESSIVE SCENT OF THE EMPIRE\",\"publisher\":{\"@id\":\"https:\/\/iq.osmanlioud.net\/#organization\"},\"potentialAction\":[{\"@type\":\"SearchAction\",\"target\":{\"@type\":\"EntryPoint\",\"urlTemplate\":\"https:\/\/iq.osmanlioud.net\/?s={search_term_string}\"},\"query-input\":{\"@type\":\"PropertyValueSpecification\",\"valueRequired\":true,\"valueName\":\"search_term_string\"}}],\"inLanguage\":\"en-US\"},{\"@type\":\"Organization\",\"@id\":\"https:\/\/iq.osmanlioud.net\/#organization\",\"name\":\"OSMANLIOUD\",\"url\":\"https:\/\/iq.osmanlioud.net\/\",\"logo\":{\"@type\":\"ImageObject\",\"inLanguage\":\"en-US\",\"@id\":\"https:\/\/iq.osmanlioud.net\/#\/schema\/logo\/image\/\",\"url\":\"\",\"contentUrl\":\"\",\"caption\":\"OSMANLIOUD\"},\"image\":{\"@id\":\"https:\/\/iq.osmanlioud.net\/#\/schema\/logo\/image\/\"},\"sameAs\":[\"https:\/\/www.facebook.com\/osmanlioud.iraq\/\",\"https:\/\/www.instagram.com\/osmanlioud.iraq\/?hl=ar\"]}]}<\/script>\n<!-- \/ Yoast SEO plugin. -->","yoast_head_json":{"title":"D\u0130VAN BAKHOOR DAH\u0130 - OSMANLIOUD","description":"Discover D\u0130VAN BAKHOOR DAH\u0130 from our Bakhoor, Dahi collection \u2014 a fragrance inspired by the splendor of Ottoman palaces with a modern touch that lingers in memory.","robots":{"index":"index","follow":"follow","max-snippet":"max-snippet:-1","max-image-preview":"max-image-preview:large","max-video-preview":"max-video-preview:-1"},"canonical":"https:\/\/iq.osmanlioud.net\/en\/product\/divan-bakhoor-dahi\/","og_locale":"en_US","og_type":"article","og_title":"D\u0130VAN BAKHOOR DAH\u0130 - OSMANLIOUD","og_description":"Discover D\u0130VAN BAKHOOR DAH\u0130 from our Bakhoor, Dahi collection \u2014 a fragrance inspired by the splendor of Ottoman palaces with a modern touch that lingers in memory.","og_url":"https:\/\/iq.osmanlioud.net\/en\/product\/divan-bakhoor-dahi\/","og_site_name":"OSMANLIOUD","article_publisher":"https:\/\/www.facebook.com\/osmanlioud.iraq\/","article_modified_time":"2026-02-06T14:34:45+00:00","og_image":[{"width":600,"height":800,"url":"https:\/\/iq.osmanlioud.net\/wp-content\/uploads\/2025\/01\/DIVAN.jpg","type":"image\/jpeg"}],"twitter_card":"summary_large_image","twitter_misc":{"Est. reading time":"1 minute"},"schema":{"@context":"https:\/\/schema.org","@graph":[{"@type":"WebPage","@id":"https:\/\/iq.osmanlioud.net\/en\/product\/divan-bakhoor-dahi\/","url":"https:\/\/iq.osmanlioud.net\/en\/product\/divan-bakhoor-dahi\/","name":"D\u0130VAN BAKHOOR DAH\u0130 - OSMANLIOUD","isPartOf":{"@id":"https:\/\/iq.osmanlioud.net\/#website"},"primaryImageOfPage":{"@id":"https:\/\/iq.osmanlioud.net\/en\/product\/divan-bakhoor-dahi\/#primaryimage"},"image":{"@id":"https:\/\/iq.osmanlioud.net\/en\/product\/divan-bakhoor-dahi\/#primaryimage"},"thumbnailUrl":"https:\/\/iq.osmanlioud.net\/wp-content\/uploads\/2025\/01\/DIVAN.jpg","datePublished":"2025-01-27T09:12:23+00:00","dateModified":"2026-02-06T14:34:45+00:00","description":"Discover D\u0130VAN BAKHOOR DAH\u0130 from our Bakhoor, Dahi collection \u2014 a fragrance inspired by the splendor of Ottoman palaces with a modern touch that lingers in memory.","breadcrumb":{"@id":"https:\/\/iq.osmanlioud.net\/en\/product\/divan-bakhoor-dahi\/#breadcrumb"},"inLanguage":"en-US","potentialAction":[{"@type":"ReadAction","target":["https:\/\/iq.osmanlioud.net\/en\/product\/divan-bakhoor-dahi\/"]}]},{"@type":"ImageObject","inLanguage":"en-US","@id":"https:\/\/iq.osmanlioud.net\/en\/product\/divan-bakhoor-dahi\/#primaryimage","url":"https:\/\/iq.osmanlioud.net\/wp-content\/uploads\/2025\/01\/DIVAN.jpg","contentUrl":"https:\/\/iq.osmanlioud.net\/wp-content\/uploads\/2025\/01\/DIVAN.jpg","width":600,"height":800},{"@type":"BreadcrumbList","@id":"https:\/\/iq.osmanlioud.net\/en\/product\/divan-bakhoor-dahi\/#breadcrumb","itemListElement":[{"@type":"ListItem","position":1,"name":"\u0627\u0644\u0631\u0626\u064a\u0633\u064a\u0629","item":"https:\/\/iq.osmanlioud.net\/"},{"@type":"ListItem","position":2,"name":"Shop","item":"https:\/\/iq.osmanlioud.net\/en\/shop\/"},{"@type":"ListItem","position":3,"name":"D\u0130VAN BAKHOOR DAH\u0130"}]},{"@type":"WebSite","@id":"https:\/\/iq.osmanlioud.net\/#website","url":"https:\/\/iq.osmanlioud.net\/","name":"OSMANLIOUD","description":"THE IMPRESSIVE SCENT OF THE EMPIRE","publisher":{"@id":"https:\/\/iq.osmanlioud.net\/#organization"},"potentialAction":[{"@type":"SearchAction","target":{"@type":"EntryPoint","urlTemplate":"https:\/\/iq.osmanlioud.net\/?s={search_term_string}"},"query-input":{"@type":"PropertyValueSpecification","valueRequired":true,"valueName":"search_term_string"}}],"inLanguage":"en-US"},{"@type":"Organization","@id":"https:\/\/iq.osmanlioud.net\/#organization","name":"OSMANLIOUD","url":"https:\/\/iq.osmanlioud.net\/","logo":{"@type":"ImageObject","inLanguage":"en-US","@id":"https:\/\/iq.osmanlioud.net\/#\/schema\/logo\/image\/","url":"","contentUrl":"","caption":"OSMANLIOUD"},"image":{"@id":"https:\/\/iq.osmanlioud.net\/#\/schema\/logo\/image\/"},"sameAs":["https:\/\/www.facebook.com\/osmanlioud.iraq\/","https:\/\/www.instagram.com\/osmanlioud.iraq\/?hl=ar"]}]}},"_links":{"self":[{"href":"https:\/\/iq.osmanlioud.net\/en\/wp-json\/wp\/v2\/product\/17444","targetHints":{"allow":["GET"]}}],"collection":[{"href":"https:\/\/iq.osmanlioud.net\/en\/wp-json\/wp\/v2\/product"}],"about":[{"href":"https:\/\/iq.osmanlioud.net\/en\/wp-json\/wp\/v2\/types\/product"}],"replies":[{"embeddable":true,"href":"https:\/\/iq.osmanlioud.net\/en\/wp-json\/wp\/v2\/comments?post=17444"}],"version-history":[{"count":1,"href":"https:\/\/iq.osmanlioud.net\/en\/wp-json\/wp\/v2\/product\/17444\/revisions"}],"predecessor-version":[{"id":33191,"href":"https:\/\/iq.osmanlioud.net\/en\/wp-json\/wp\/v2\/product\/17444\/revisions\/33191"}],"wp:featuredmedia":[{"embeddable":true,"href":"https:\/\/iq.osmanlioud.net\/en\/wp-json\/wp\/v2\/media\/16231"}],"wp:attachment":[{"href":"https:\/\/iq.osmanlioud.net\/en\/wp-json\/wp\/v2\/media?parent=17444"}],"wp:term":[{"taxonomy":"product_brand","embeddable":true,"href":"https:\/\/iq.osmanlioud.net\/en\/wp-json\/wp\/v2\/product_brand?post=17444"},{"taxonomy":"product_cat","embeddable":true,"href":"https:\/\/iq.osmanlioud.net\/en\/wp-json\/wp\/v2\/product_cat?post=17444"},{"taxonomy":"product_tag","embeddable":true,"href":"https:\/\/iq.osmanlioud.net\/en\/wp-json\/wp\/v2\/product_tag?post=17444"}],"curies":[{"name":"wp","href":"https:\/\/api.w.org\/{rel}","templated":true}]}}